{"id":5407,"date":"2025-04-23T15:02:20","date_gmt":"2025-04-23T15:02:20","guid":{"rendered":"https:\/\/www.psicotec.com\/politica-de-protecao-de-dados\/"},"modified":"2025-07-09T09:33:48","modified_gmt":"2025-07-09T09:33:48","slug":"politica-de-protecao-de-dados","status":"publish","type":"page","link":"https:\/\/www.psicotec.com\/pt\/legal\/politica-de-protecao-de-dados\/","title":{"rendered":"Pol\u00edtica de Prote\u00e7\u00e3o de Dados"},"content":{"rendered":"\n<p><strong>1. Quem \u00e9 o Controlador de Dados?<\/strong><\/p>\n\n<p><strong> <\/strong>O respons\u00e1vel pelo tratamento dos diferentes processos no que diz respeito \u00e0 gest\u00e3o de utilizadores, clientes e potenciais clientes, colaboradores e fornecedores \u00e9 a PSICOTEC, S.A. , com sede social na Calle Orense, 7 1\u00aa IZQ. 28020 Madrid (prov\u00edncia de Madrid) e CIF A78107232 .<\/p>\n\n<p><strong>Para efeitos da nossa pol\u00edtica de prote\u00e7\u00e3o de dados, o n\u00famero de telefone de contacto \u00e9 915331441 e o e-mail de contacto \u00e9 protecciondatos@psicotec.es.<\/strong><\/p>\n\n<p><strong>2. Que tipo de dados temos sobre voc\u00ea e como os obtivemos?<\/strong><\/p>\n\n<p>As categorias de dados pessoais que a PSICOTEC, S.A. trata sobre os seus clientes e fornecedores s\u00e3o:<\/p>\n\n<ul class=\"wp-block-list\">\n<li>Dados de identifica\u00e7\u00e3o<\/li>\n\n\n\n<li>Dados profissionais, como cargo, habilidades, etc.<\/li>\n\n\n\n<li>Endere\u00e7os postais ou de e-mail<\/li>\n\n\n\n<li>Informa\u00e7\u00f5es comerciais<\/li>\n\n\n\n<li>Dados econ\u00f4micos e de transa\u00e7\u00f5es<\/li>\n\n\n\n<li>Dados da pesquisa de qualidade<\/li>\n\n\n\n<li>Dados curriculares<\/li>\n\n\n\n<li>Dados psicot\u00e9cnicos<\/li>\n<\/ul>\n\n<p>Todos os dados acima mencionados foram obtidos diretamente de voc\u00ea, enviando uma oferta comercial, proposta contratual, etc., ou por sua empresa, fornecendo-nos dados de identifica\u00e7\u00e3o e outras informa\u00e7\u00f5es necess\u00e1rias para realizar o objetivo da rela\u00e7\u00e3o contratual entre as partes. \u00c9 sua obriga\u00e7\u00e3o ou da sua empresa fornecer-nos dados atualizados em caso de altera\u00e7\u00e3o. No que diz respeito aos dados dos candidatos a emprego, obtivemos os seus dados atrav\u00e9s da apresenta\u00e7\u00e3o de um CV em seu nome ou da obten\u00e7\u00e3o da sua candidatura atrav\u00e9s dos servi\u00e7os de um portal de emprego. Neste \u00faltimo caso, autorizou a transfer\u00eancia dos seus dados para a nossa empresa, inserindo os dados do seu CV no portal de empregos.   <\/p>\n\n<p><strong>3. Por quanto tempo manteremos seus dados?<\/strong><\/p>\n\n<p>Os dados pessoais relativos a pessoas singulares vinculados a potenciais clientes, clientes e fornecedores que a PSICOTEC, S.A. recolhe atrav\u00e9s dos diferentes formul\u00e1rios de contacto e\/ou recolha de informa\u00e7\u00e3o ser\u00e3o conservados enquanto o interessado n\u00e3o solicitar a sua elimina\u00e7\u00e3o. Os dados fornecidos pelos nossos clientes e fornecedores ser\u00e3o conservados enquanto se mantiver a rela\u00e7\u00e3o comercial entre as partes, respeitando em qualquer caso os prazos m\u00ednimos de conserva\u00e7\u00e3o legal em fun\u00e7\u00e3o da mat\u00e9ria. <\/p>\n\n<p>Em qualquer caso<strong> , a PSICOTEC, S.A. <\/strong>Ele reter\u00e1 seus dados pessoais pelo tempo razoavelmente necess\u00e1rio, tendo em vista nossas necessidades de responder a perguntas ou resolver problemas, fazer melhorias, ativar novos servi\u00e7os e cumprir os requisitos da lei aplic\u00e1vel. Isso significa que podemos reter seus dados pessoais por um per\u00edodo de tempo razo\u00e1vel, mesmo depois de voc\u00ea ter parado de usar nossos produtos ou parar de usar este site. Ap\u00f3s este per\u00edodo, os seus dados pessoais ser\u00e3o eliminados de todos os <strong>sistemas da PSICOTEC, S.A.<\/strong>  <\/p>\n\n<p><strong>4. Com que finalidade e com que base tratamos os seus dados?<\/strong><\/p>\n\n<p>Na <strong>PSICOTEC, S.A. <\/strong>Processamos os dados fornecidos pelas partes interessadas para gerenciar diferentes atividades derivadas de procedimentos espec\u00edficos realizados em termos de vendas, servi\u00e7o p\u00f3s-venda, gest\u00e3o de fornecedores, gest\u00e3o de candidatos, qualidade dos servi\u00e7os, etc. Desta forma, usaremos seus dados para realizar algumas das seguintes a\u00e7\u00f5es com base na respectiva base de legitima\u00e7\u00e3o: <\/p>\n\n<figure class=\"wp-block-table\"><table class=\"has-fixed-layout\"><tbody><tr><td><strong>FINALIDADE DO TRATAMENTO<\/strong><\/td><td><strong>BASE DE LEGITIMIDADE<\/strong><\/td><\/tr><tr><td><strong>Gest\u00e3o cont\u00e1bil, fiscal, administrativa e de faturamento de clientes e fornecedores<\/strong><\/td><td>Execu\u00e7\u00e3o (pr\u00e9-)contratual; Obriga\u00e7\u00e3o regulat\u00f3ria<\/td><\/tr><tr><td><strong>Gest\u00e3o de pedidos de informa\u00e7\u00e3o que chegam atrav\u00e9s de formul\u00e1rios web ou redes sociais<\/strong><\/td><td>Consentimento da parte afetada<\/td><\/tr><tr><td><strong>Atua\u00e7\u00e3o em mat\u00e9rias na fase judicial (civil, administrativa e\/ou criminal). Arquivos legais <\/strong><\/td><td>Consentimento da parte afetada; Execu\u00e7\u00e3o (pr\u00e9-)contratual<\/td><\/tr><tr><td><strong>Cadastro de pessoas que acessam as instala\u00e7\u00f5es para controle de acesso e seguran\u00e7a.<\/strong><\/td><td>Interesse leg\u00edtimo do respons\u00e1vel pelo tratamento<\/td><\/tr><tr><td><strong>Gest\u00e3o fiscal, contabil\u00edstica e administrativa com colaboradores profissionais, agentes de comiss\u00e3o, etc.<\/strong><\/td><td>Execu\u00e7\u00e3o (pr\u00e9-)contratual; Obriga\u00e7\u00e3o regulat\u00f3ria<\/td><\/tr><tr><td><strong>Atua\u00e7\u00e3o na segmenta\u00e7\u00e3o de potenciais clientes, realiza\u00e7\u00e3o de campanhas de recrutamento, exclus\u00e3o de publicidade.<\/strong><\/td><td>Consentimento da parte afetada<\/td><\/tr><tr><td><strong>Processos de busca, avalia\u00e7\u00e3o e sele\u00e7\u00e3o de candidatos.<\/strong><\/td><td>Consentimento da parte afetada<\/td><\/tr><tr><td><strong>Gest\u00e3o de opera\u00e7\u00f5es de publicidade e marketing para fideliza\u00e7\u00e3o de clientes.<\/strong><\/td><td>Consentimento da parte afetada<\/td><\/tr><tr><td><strong>Atua\u00e7\u00e3o em assessoria jur\u00eddica, tribut\u00e1ria, trabalhista e administrativa<\/strong><\/td><td>Consentimento da parte afetada; Execu\u00e7\u00e3o (pr\u00e9-)contratual; Obriga\u00e7\u00e3o regulat\u00f3ria<\/td><\/tr><tr><td><strong>Gest\u00e3o acad\u00e9mica e administrativa dos estudantes do centro: opera\u00e7\u00f5es de registo\/altera\u00e7\u00e3o de dados de estudantes\/menores<\/strong><\/td><td>Consentimento da parte afetada<\/td><\/tr><tr><td><strong>Gest\u00e3o do processo de licita\u00e7\u00e3o de fornecedores<\/strong><\/td><td>Consentimento da parte afetada<\/td><\/tr><tr><td><strong>Tratamento de dados de fornecedores para a gest\u00e3o de opera\u00e7\u00f5es em rela\u00e7\u00f5es jur\u00eddicas com fornecedores.<\/strong><\/td><td>Consentimento da parte afetada<\/td><\/tr><tr><td><strong>Gest\u00e3o de dados de fornecedores para pagamentos-transfer\u00eancias e d\u00e9bitos diretos\/contabilidade\/impostos e fatura\u00e7\u00e3o<\/strong><\/td><td>Consentimento da parte afetada<\/td><\/tr><tr><td><strong>Tratamento de dados de fornecedores\/colaboradores-prescritores para responder a requerimentos de d\u00edvida por terceiros (apreens\u00f5es de cr\u00e9ditos comerciais)<\/strong><\/td><td>Obriga\u00e7\u00e3o regulat\u00f3ria<\/td><\/tr><tr><td><strong>Gest\u00e3o de processos de qualidade\/monitoramento e auditorias de fornecedores<\/strong><\/td><td>Consentimento da parte afetada<\/td><\/tr><tr><td><strong>Tratamento de dados de colaboradores para gest\u00e3o de opera\u00e7\u00f5es em rela\u00e7\u00f5es jur\u00eddicas.<\/strong><\/td><td>Consentimento da parte afetada<\/td><\/tr><tr><td><strong>Opera\u00e7\u00f5es nos dados de contato de colaboradores-prescritores que prestam servi\u00e7os em pessoas jur\u00eddicas.<\/strong><\/td><td>Consentimento da parte afetada<\/td><\/tr><tr><td><strong>Gerenciamento de dados de funcion\u00e1rios para opera\u00e7\u00f5es de relat\u00f3rios, liquida\u00e7\u00e3o e pagamento.<\/strong><\/td><td>Execu\u00e7\u00e3o (pr\u00e9-)contratual<\/td><\/tr><tr><td><strong>Gest\u00e3o de opera\u00e7\u00f5es de marketing por meio telef\u00f4nico para capta\u00e7\u00e3o de novos clientes<\/strong><\/td><td>Consentimento da parte afetada<\/td><\/tr><tr><td><strong>Opera\u00e7\u00f5es em campanhas por meios electr\u00f3nicos com potenciais clientes (redes de comunica\u00e7\u00f5es electr\u00f3nicas ou presta\u00e7\u00e3o de um servi\u00e7o da sociedade da informa\u00e7\u00e3o).<\/strong><\/td><td>Consentimento da parte afetada<\/td><\/tr><tr><td><strong>Opera\u00e7\u00f5es de marketing por meios f\u00edsicos para atrair novos clientes.<\/strong><\/td><td>Consentimento da parte afetada<\/td><\/tr><tr><td><strong>Gest\u00e3o de contrata\u00e7\u00f5es por clientes individuais de forma f\u00edsica, eletr\u00f3nica ou telef\u00f3nica.<\/strong><\/td><td>Execu\u00e7\u00e3o (pr\u00e9-)contratual<\/td><\/tr><tr><td><strong>Gest\u00e3o de contrata\u00e7\u00f5es por clientes pessoas jur\u00eddicas de forma f\u00edsica, eletr\u00f4nica ou por telefone.<\/strong><\/td><td>Execu\u00e7\u00e3o (pr\u00e9-)contratual<\/td><\/tr><tr><td><strong>Atua\u00e7\u00e3o em pesquisas com clientes para avaliar o grau de satisfa\u00e7\u00e3o.<\/strong><\/td><td>Consentimento da parte afetada<\/td><\/tr><tr><td><strong>Servi\u00e7o de reclama\u00e7\u00e3o\/reclama\u00e7\u00e3o do cliente.<\/strong><\/td><td>Consentimento da parte afetada<\/td><\/tr><tr><td><strong>Exerc\u00edcio pela empresa como pol\u00edtica de atendimento ao cliente o exerc\u00edcio de programas de incentivo e fideliza\u00e7\u00e3o de clientes.<\/strong><\/td><td>Consentimento da parte afetada<\/td><\/tr><tr><td><strong>Tratamento de dados para efeitos de envio de publicidade individualizada ao cliente e prospe\u00e7\u00e3o comercial.<\/strong><\/td><td>Consentimento da parte afetada<\/td><\/tr><tr><td><strong>Gest\u00e3o de pedidos de informa\u00e7\u00e3o que chegam atrav\u00e9s de contacto atrav\u00e9s de meios n\u00e3o digitais: telefone, correio postal, fax.<\/strong><\/td><td>Consentimento da parte afetada<\/td><\/tr><tr><td><strong>Realiza\u00e7\u00e3o de auditorias de controles internos para gest\u00e3o de conformidade regulat\u00f3ria.<\/strong><\/td><td>Consentimento da parte afetada<\/td><\/tr><tr><td><strong>Gest\u00e3o do canal interno de den\u00fancias atrav\u00e9s de opera\u00e7\u00f5es em sistemas internos de informa\u00e7\u00e3o de den\u00fancias.<\/strong><\/td><td>Consentimento da parte afetada<\/td><\/tr><tr><td><strong>Tratamento de dados destinado a gerir internamente o sistema de opt-out de publicidade e comunica\u00e7\u00f5es comerciais para os clientes.<\/strong><\/td><td>Consentimento da parte afetada<\/td><\/tr><tr><td><strong>Gest\u00e3o dos direitos de prote\u00e7\u00e3o de dados dos titulares dos dados.<\/strong><\/td><td>Obriga\u00e7\u00e3o regulat\u00f3ria<\/td><\/tr><tr><td><strong>A atividade pr\u00f3pria da empresa, headhunting para o cliente final.<\/strong><\/td><td>Interesse leg\u00edtimo do respons\u00e1vel pelo tratamento<\/td><\/tr><tr><td><strong>Servi\u00e7o de telemarketing para aquisi\u00e7\u00e3o de clientes.<\/strong><\/td><td>Interesse leg\u00edtimo do respons\u00e1vel pelo tratamento<\/td><\/tr><\/tbody><\/table><\/figure>\n\n<p>No que diz respeito \u00e0 base legal acima mencionada Voc\u00ea \u00e9 obrigado a fornecer dados pessoais, caso n\u00e3o forne\u00e7a seus dados pessoais, n\u00e3o poder\u00e1 executar seu contrato, cumprir obriga\u00e7\u00f5es legais ou decorrentes das autoridades p\u00fablicas.<\/p>\n\n<p>Com base nas informa\u00e7\u00f5es fornecidas e para que a PSICOTEC, S.A. possa oferecer-lhe produtos e servi\u00e7os de acordo com os seus interesses e\/ou melhorar a sua experi\u00eancia de utilizador, informamos que elaboraremos um &#8220;perfil comercial&#8221;. Decis\u00f5es automatizadas ser\u00e3o tomadas com base neste perfil. <\/p>\n\n<p><strong>5. A quem ser\u00e3o comunicados os seus dados?<\/strong><\/p>\n\n<p>A PSICOTEC, S.A. nunca partilhar\u00e1 os seus dados pessoais com qualquer empresa terceira que pretenda utiliz\u00e1-los nas suas a\u00e7\u00f5es de marketing direto, exceto no caso de nos ter autorizado expressamente a faz\u00ea-lo.<\/p>\n\n<p>Informamos que podemos fornecer os seus dados pessoais a organismos da Administra\u00e7\u00e3o P\u00fablica e Autoridades competentes nos casos em que a PSICOTEC, S.A. receba uma exig\u00eancia legal das referidas Autoridades ou nos casos em que, agindo de boa-f\u00e9, consideremos que tal a\u00e7\u00e3o \u00e9 razoavelmente necess\u00e1ria para cumprir um processo judicial; para responder a qualquer reclama\u00e7\u00e3o ou demanda legal; ou para proteger os direitos da PSICOTEC, S.A. ou dos seus clientes e do p\u00fablico em geral.<\/p>\n\n<p>A PSICOTEC, S.A. pode fornecer os seus dados pessoais a terceiros (por exemplo, fornecedores de servi\u00e7os de Internet que nos ajudam a administrar o nosso site ou a realizar os servi\u00e7os contratados, empresas de suporte e manuten\u00e7\u00e3o inform\u00e1tica, empresas de log\u00edstica, ag\u00eancias fiscais e contabil\u00edsticas e de aconselhamento, etc.). Em qualquer caso, estes terceiros devem manter, em todos os momentos, os mesmos n\u00edveis de seguran\u00e7a que a PSICOTEC, S.A. em rela\u00e7\u00e3o aos seus dados pessoais e, quando necess\u00e1rio, estar\u00e3o vinculados a compromissos legais para manter os seus dados pessoais privados e seguros, e para utilizar a informa\u00e7\u00e3o apenas seguindo instru\u00e7\u00f5es espec\u00edficas da PSICOTEC,  S.A. . <\/p>\n\n<p>A PSICOTEC, S.A. poder\u00e1 fornecer os seus dados pessoais aos escrit\u00f3rios em <a href=\"http:\/\/www.psicotec.pt\/\" target=\"_blank\" rel=\"noopener\">Portugal<\/a> (Lisboa), <a href=\"http:\/\/www.psicotec.co\/\" target=\"_blank\" rel=\"noopener\">Col\u00f4mbia<\/a> (Bogot\u00e1) e <a href=\"http:\/\/www.psicotec.pe\/\" target=\"_blank\" rel=\"noopener\">Peru<\/a> (Lima) no caso de existir uma oferta que lhe possa interessar e se enquadre no seu perfil.<\/p>\n\n<p><strong>6. Quais s\u00e3o os seus direitos como parte afetada ou interessada?<\/strong><\/p>\n\n<p>Qualquer pessoa tem o direito de obter confirma\u00e7\u00e3o sobre se a PSICOTEC, S.A. est\u00e1 a tratar ou n\u00e3o os dados pessoais que lhe digam respeito.<\/p>\n\n<p>Especificamente, os interessados podem solicitar o direito de <strong>acesso<\/strong> aos seus dados pessoais, bem como receb\u00ea-los em formato comum e leitura mecanizada se o tratamento for realizado por meios eletr\u00f3nicos (<strong>direito de portabilidade<\/strong>).<\/p>\n\n<p>Da mesma forma, as partes interessadas podem solicitar o <strong>direito de retifica\u00e7\u00e3o de<\/strong> dados inexatos ou, se for o caso, solicitar sua <strong>exclus\u00e3o<\/strong> quando, entre outros motivos, os dados n\u00e3o forem mais necess\u00e1rios para os fins para os quais foram coletados.<\/p>\n\n<p>Al\u00e9m disso, em determinadas circunst\u00e2ncias, as partes interessadas podem solicitar <strong>a limita\u00e7\u00e3o do processamento de seus dados<\/strong> ou, em determinadas circunst\u00e2ncias e por motivos relacionados \u00e0 sua situa\u00e7\u00e3o particular, as partes interessadas podem exercer seu <strong>direito de se opor ao<\/strong> processamento de seus dados. A PSICOTEC, S.A. deixar\u00e1 de tratar os dados, exceto por motivos leg\u00edtimos imperiosos, ou pelo exerc\u00edcio ou defesa de poss\u00edveis reclama\u00e7\u00f5es ou nas exce\u00e7\u00f5es estabelecidas na regulamenta\u00e7\u00e3o aplic\u00e1vel. <\/p>\n\n<p>Da mesma forma, informamos que voc\u00ea tem o direito de retirar seus consentimentos concedidos a qualquer momento, sem que isso afete a legalidade do processamento com base no consentimento anterior \u00e0 sua retirada.<\/p>\n\n<p>Da mesma forma, o Utilizador \u00e9 informado de que a qualquer momento pode exercer os direitos acima mencionados, escrevendo-nos atrav\u00e9s dos dados de contacto que aparecem na Sec\u00e7\u00e3o 1, &#8220;Respons\u00e1vel pelo Tratamento&#8221; da presente Pol\u00edtica de Prote\u00e7\u00e3o de Dados e Privacidade da PSICOTEC, S.A., anexando uma c\u00f3pia do seu cart\u00e3o de cidad\u00e3o. Da mesma forma, voc\u00ea pode nos enviar um e-mail para o endere\u00e7o protecciondatos@psicotec.es. <\/p>\n\n<p>Voc\u00ea tamb\u00e9m ter\u00e1 o direito de apresentar uma reclama\u00e7\u00e3o \u00e0 Ag\u00eancia Espanhola de Prote\u00e7\u00e3o de Dados, especialmente quando n\u00e3o tiver obtido satisfa\u00e7\u00e3o no exerc\u00edcio de seus direitos.<\/p>\n\n<p><strong>Ag\u00eancia Espanhola de Prote\u00e7\u00e3o de Dados.<\/strong><\/p>\n\n<p><strong>C\/ Jorge Juan, 6<\/strong><\/p>\n\n<p><strong>28001 \u2013 Madri<\/strong><\/p>\n\n<p><strong>Telefone. 901100099 \/ 912663517<\/strong><\/p>\n\n<p><strong>7. Prote\u00e7\u00e3o de dados dos usu\u00e1rios do site.<\/strong><\/p>\n\n<p>De acordo com o Regulamento (UE) 2016\/679 em vigor, a PSICOTEC, S.A. informa que os dados pessoais dos Utilizadores do site ser\u00e3o tratados para a atividade de tratamento indicada em cada formul\u00e1rio de recolha de dados no nosso site pela PSICOTEC, S.A. Esse processamento de seus dados ser\u00e1 coberto por seu pr\u00f3prio consentimento. Ao clicar no bot\u00e3o &#8220;ENVIAR&#8221;, o Utilizador consente o tratamento dos seus dados por parte da PSICOTEC, S.A.  <\/p>\n\n<p>Da mesma forma, informamos que, a menos que seja legalmente exigido ou com o seu consentimento expresso, a PSICOTEC, S.A. n\u00e3o ceder\u00e1 os seus dados a terceiros.<\/p>\n\n<p>Da mesma forma, o Utilizador \u00e9 informado de que a qualquer momento poder\u00e1 exercer os seus direitos de acesso, retifica\u00e7\u00e3o ou elimina\u00e7\u00e3o de dados, bem como outros direitos reconhecidos neste documento e regulados no Regulamento (UE) 2016\/679 , notificando a PSICOTEC, S.A. , Calle Orense,7 1\u00aa IZQ. 28020 Madrid (prov\u00edncia de Madrid) , e-mail: protecciondatos@psicotec.es.<\/p>\n\n<p>Por outro lado, de acordo com o disposto na Lei 34\/2002, de 11 de julho, de Servi\u00e7os da Sociedade da Informa\u00e7\u00e3o e Com\u00e9rcio Eletr\u00f3nico, a PSICOTEC, S.A. compromete-se a n\u00e3o enviar publicidade por correio eletr\u00f3nico sem obter previamente a autoriza\u00e7\u00e3o expressa do destinat\u00e1rio. O Utilizador pode opor-se ao envio de publicidade marcando a caixa correspondente. <\/p>\n\n<p><strong>8. Outras informa\u00e7\u00f5es de interesse sobre nossa pol\u00edtica de privacidade<\/strong><\/p>\n\n<p><strong>8.1 Medidas de seguran\u00e7a<\/strong><\/p>\n\n<p>A PSICOTEC, S.A. adota os n\u00edveis de seguran\u00e7a exigidos pela normativa europeia e espanhola em vigor em mat\u00e9ria de prote\u00e7\u00e3o de dados, tendo em conta o estado da t\u00e9cnica, os custos de aplica\u00e7\u00e3o e a natureza, \u00e2mbito, contexto e finalidades do tratamento descrito, bem como os riscos de probabilidade e gravidade vari\u00e1veis para os seus direitos e liberdades como pessoa.<\/p>\n\n<p><strong>8.2 Tratamento de dados de crian\u00e7as<\/strong><\/p>\n\n<p>De acordo com o GDPR EU 679\/2016 e o LOPDGDD 3\/2018, os menores de 14 anos podem dar seu consentimento para a contrata\u00e7\u00e3o de servi\u00e7os da sociedade da informa\u00e7\u00e3o, como registro em um f\u00f3rum, preenchimento de um formul\u00e1rio de contato, etc. No entanto, ser\u00e1 da responsabilidade da PSICOTEC, S.A. verificar a veracidade da idade indicada pelo menor. <\/p>\n\n<p>Para o tratamento de dados de menores de 14 anos, tal coleta de dados ser\u00e1 sempre realizada com o consentimento expresso dos pais ou respons\u00e1veis legais.<\/p>\n\n<p><strong>8.3 Altera\u00e7\u00f5es \u00e0 nossa Pol\u00edtica de Prote\u00e7\u00e3o de Dados e Privacidade<\/strong><\/p>\n\n<p>Ocasionalmente, a PSICOTEC, S.A. poder\u00e1 efetuar modifica\u00e7\u00f5es e corre\u00e7\u00f5es a esta sec\u00e7\u00e3o da Pol\u00edtica de Prote\u00e7\u00e3o de Dados para Clientes, Fornecedores e Utilizadores. Verifique esta se\u00e7\u00e3o regularmente para ver se h\u00e1 altera\u00e7\u00f5es que possam ter ocorrido e como elas podem afet\u00e1-lo. <\/p>\n\n<p><strong>8.4 Por que \u00e9 necess\u00e1rio aceitar esta Pol\u00edtica de Prote\u00e7\u00e3o de Dados e Privacidade?<\/strong><\/p>\n\n<p>Esta sec\u00e7\u00e3o da Pol\u00edtica de Prote\u00e7\u00e3o de Dados para Clientes, Fornecedores e Utilizadores fornece-lhe toda a informa\u00e7\u00e3o necess\u00e1ria de uma forma facilmente acess\u00edvel para que possa conhecer o tipo de dados que a PSICOTEC, S.A. mant\u00e9m sobre os seus potenciais clientes, clientes e\/ou fornecedores, as finalidades prosseguidas, os direitos que a normativa de prote\u00e7\u00e3o de dados lhe reconhece como pessoa afetada e a forma como pode exercer esses direitos. Portanto, ao enviar deliberadamente seus dados pessoais por meio de nossos meios de contato e\/ou ao iniciar a rela\u00e7\u00e3o comercial com nossa empresa, consideramos que voc\u00ea reconhece e aceita o processamento de seus dados pessoais conforme descrito nesta pol\u00edtica. Essas informa\u00e7\u00f5es pessoais ser\u00e3o usadas apenas para os fins para os quais voc\u00ea as forneceu ou para que certos regulamentos nacionais ou regionais nos permitam faz\u00ea-lo.  <\/p>\n\n<p>Em qualquer caso, devemos alert\u00e1-lo de que a recusa de sua parte em nos fornecer determinados dados solicitados pode dificultar o desenvolvimento da rela\u00e7\u00e3o contratual entre as partes, com poss\u00edveis consequ\u00eancias graves na presta\u00e7\u00e3o dos diversos servi\u00e7os contemplados no contrato comercial celebrado com a parte contratante.<\/p>\n\n<p>Se tiver alguma d\u00favida em rela\u00e7\u00e3o a esta sec\u00e7\u00e3o da Pol\u00edtica de Prote\u00e7\u00e3o de Dados para Potenciais Clientes, Clientes e Fornecedores da PSICOTEC, S.A., contacte a empresa atrav\u00e9s do endere\u00e7o fornecido na primeira sec\u00e7\u00e3o &#8220;Respons\u00e1vel pelo Tratamento&#8221; e teremos todo o gosto em ajud\u00e1-lo e responder a quaisquer perguntas adicionais que possa ter.<\/p>\n\n<p><strong>9. Legisla\u00e7\u00e3o aplic\u00e1vel<\/strong><\/p>\n\n<p>Estas Condi\u00e7\u00f5es ser\u00e3o regidas em todos os momentos pelas disposi\u00e7\u00f5es da legisla\u00e7\u00e3o espanhola e europeia sobre prote\u00e7\u00e3o de dados pessoais e privacidade.<\/p>\n","protected":false},"excerpt":{"rendered":"<p>1. Quem \u00e9 o Controlador de Dados? O respons\u00e1vel pelo tratamento dos diferentes processos no que diz respeito \u00e0 gest\u00e3o de utilizadores, clientes e potenciais clientes, colaboradores e fornecedores \u00e9 a PSICOTEC, S.A. , com sede social na Calle Orense, 7 1\u00aa IZQ. 28020 Madrid (prov\u00edncia de Madrid) e CIF A78107232 . Para efeitos da [&hellip;]<\/p>\n","protected":false},"author":1,"featured_media":0,"parent":5408,"menu_order":0,"comment_status":"closed","ping_status":"closed","template":"","meta":{"footnotes":""},"class_list":["post-5407","page","type-page","status-publish","hentry"],"_links":{"self":[{"href":"https:\/\/www.psicotec.com\/pt\/wp-json\/wp\/v2\/pages\/5407","targetHints":{"allow":["GET"]}}],"collection":[{"href":"https:\/\/www.psicotec.com\/pt\/wp-json\/wp\/v2\/pages"}],"about":[{"href":"https:\/\/www.psicotec.com\/pt\/wp-json\/wp\/v2\/types\/page"}],"author":[{"embeddable":true,"href":"https:\/\/www.psicotec.com\/pt\/wp-json\/wp\/v2\/users\/1"}],"replies":[{"embeddable":true,"href":"https:\/\/www.psicotec.com\/pt\/wp-json\/wp\/v2\/comments?post=5407"}],"version-history":[{"count":1,"href":"https:\/\/www.psicotec.com\/pt\/wp-json\/wp\/v2\/pages\/5407\/revisions"}],"predecessor-version":[{"id":5409,"href":"https:\/\/www.psicotec.com\/pt\/wp-json\/wp\/v2\/pages\/5407\/revisions\/5409"}],"up":[{"embeddable":true,"href":"https:\/\/www.psicotec.com\/pt\/wp-json\/wp\/v2\/pages\/5408"}],"wp:attachment":[{"href":"https:\/\/www.psicotec.com\/pt\/wp-json\/wp\/v2\/media?parent=5407"}],"curies":[{"name":"wp","href":"https:\/\/api.w.org\/{rel}","templated":true}]}}