{"id":5401,"date":"2025-04-23T15:03:41","date_gmt":"2025-04-23T15:03:41","guid":{"rendered":"https:\/\/www.psicotec.com\/politica-de-cookies\/"},"modified":"2025-07-09T09:33:48","modified_gmt":"2025-07-09T09:33:48","slug":"politica-de-cookies","status":"publish","type":"page","link":"https:\/\/www.psicotec.com\/pt\/legal\/politica-de-cookies\/","title":{"rendered":"Pol\u00edtica de cookies"},"content":{"rendered":"\n<p>O dom\u00ednio www.psicotec.com utiliza procedimentos de coleta autom\u00e1tica (Cookies) para coletar informa\u00e7\u00f5es pessoais, como o tipo de navegador ou sistema operacional, p\u00e1gina de refer\u00eancia, caminho, dom\u00ednio ISP (Provedor de Internet), etc., tudo para melhorar os servi\u00e7os prestados. Os cookies nos ajudam a adaptar este site \u00e0s suas necessidades pessoais. <\/p>\n\n<p>Um &#8220;Cookie&#8221; \u00e9 um pequeno arquivo que \u00e9 armazenado em seu computador e nos permite reconhec\u00ea-lo. Todos os cookies nos ajudam a melhorar a qualidade do nosso site, permitindo-nos personalizar a navega\u00e7\u00e3o de cada usu\u00e1rio em nosso site at\u00e9 certo ponto. Os cookies s\u00e3o atualmente essenciais para o funcionamento da internet, proporcionando in\u00fameras vantagens na presta\u00e7\u00e3o de servi\u00e7os interativos, facilitando a navega\u00e7\u00e3o e usabilidade do nosso website.  <\/p>\n\n<p>Observe que os cookies n\u00e3o podem danificar seu equipamento e que, em troca, o fato de serem ativados nos ajuda a identificar e resolver erros e melhorar a navegabilidade do nosso site.<\/p>\n\n<p><strong>Tipos de cookies:<\/strong><\/p>\n\n<p>Para mais informa\u00e7\u00f5es sobre o tipo e uso de cookies, informamos que:<\/p>\n\n<ul class=\"wp-block-list\">\n<li>Do ponto de vista <strong>do &#8220;tempo de vida&#8221; do cookie<\/strong> (por quanto tempo o cookie permanece ativo em nosso computador), podemos diferenciar os cookies entre:<\/li>\n<\/ul>\n\n<ol start=\"1\" class=\"wp-block-list\">\n<li><strong>Cookies de sess\u00e3o:<\/strong> s\u00e3o cookies tempor\u00e1rios que permanecem no arquivo de cookies do seu navegador at\u00e9 que voc\u00ea saia do site, portanto, nenhum deles \u00e9 registrado no disco r\u00edgido do usu\u00e1rio. As informa\u00e7\u00f5es obtidas por meio desses cookies s\u00e3o usadas para analisar padr\u00f5es de tr\u00e1fego no site. A longo prazo, isso nos permite fornecer uma experi\u00eancia melhor para melhorar o conte\u00fado e torn\u00e1-lo mais f\u00e1cil de usar.  <\/li>\n\n\n\n<li><strong>Cookies persistentes:<\/strong> s\u00e3o armazenados no seu disco r\u00edgido e s\u00e3o lidos pelo nosso site sempre que faz uma nova visita. Um cookie permanente tem uma determinada data de validade. O cookie deixar\u00e1 de funcionar ap\u00f3s essa data. Geralmente os usamos para facilitar a experi\u00eancia do usu\u00e1rio, lembrando seus h\u00e1bitos de navega\u00e7\u00e3o ou, quando apropriado, para facilitar a compra e\/ou servi\u00e7os de registro.   <\/li>\n<\/ol>\n\n<ul class=\"wp-block-list\">\n<li>Do ponto <strong>de vista da finalidade de cada cookie<\/strong>, podemos diferenciar entre:<\/li>\n<\/ul>\n\n<ol start=\"1\" class=\"wp-block-list\">\n<li><strong>Cookies t\u00e9cnicos<\/strong>: s\u00e3o aqueles que permitem ao usu\u00e1rio navegar por um site, plataforma ou aplicativo e usar as diferentes op\u00e7\u00f5es ou servi\u00e7os que nele existem, incluindo aqueles que o editor usa para permitir o gerenciamento e opera\u00e7\u00e3o do site e habilitar suas fun\u00e7\u00f5es e servi\u00e7os.<\/li>\n<\/ol>\n\n<p><strong>Os cookies t\u00e9cnicos, desde que correspondam a qualquer um dos seguintes perfis, estar\u00e3o isentos do cumprimento das obriga\u00e7\u00f5es estabelecidas no artigo 22.2 da LSSI* <\/strong>(ou seja, obter consentimento para a sua instala\u00e7\u00e3o e utiliza\u00e7\u00e3o atrav\u00e9s da exist\u00eancia de um banner de aviso, pol\u00edtica de cookies):<\/p>\n\n<ul class=\"wp-block-list\">\n<li>Cookies de &#8220;entrada do usu\u00e1rio&#8221;<\/li>\n\n\n\n<li>Cookies de autentica\u00e7\u00e3o ou identifica\u00e7\u00e3o do usu\u00e1rio (somente sess\u00e3o)<\/li>\n\n\n\n<li>Cookies de seguran\u00e7a do usu\u00e1rio<\/li>\n\n\n\n<li>Cookies de sess\u00e3o do Media Player<\/li>\n\n\n\n<li>Cookies de sess\u00e3o para equilibrar a carga<\/li>\n\n\n\n<li>Cookies de personaliza\u00e7\u00e3o da interface do usu\u00e1rio<\/li>\n\n\n\n<li>Cookies de plug-in para compartilhar conte\u00fado social<\/li>\n<\/ul>\n\n<p><em>* de acordo com o Grupo de Trabalho de Peritos da UE, no artigo 29.\u00ba do seu Parecer 4\/2012<\/em><\/p>\n\n<ol start=\"2\" class=\"wp-block-list\">\n<li><strong>Cookies de prefer\u00eancia ou personaliza\u00e7\u00e3o<\/strong>: s\u00e3o aqueles que permitem lembrar informa\u00e7\u00f5es para que o usu\u00e1rio possa acessar o servi\u00e7o com certas caracter\u00edsticas que podem diferenciar sua experi\u00eancia da de outros usu\u00e1rios, como, por exemplo, o idioma, o n\u00famero de resultados a serem exibidos quando o usu\u00e1rio realiza uma pesquisa, a apar\u00eancia ou o conte\u00fado do servi\u00e7o dependendo do tipo de navegador atrav\u00e9s do qual o usu\u00e1rio acessa o servi\u00e7o ou a regi\u00e3o de onde o usu\u00e1rio acessa o servi\u00e7o. quem acessa o servi\u00e7o, etc.<\/li>\n<\/ol>\n\n<p>Se for o pr\u00f3prio usu\u00e1rio quem escolhe essas caracter\u00edsticas (por exemplo, se ele selecionar o idioma de um site clicando no \u00edcone da bandeira do pa\u00eds correspondente), os cookies estar\u00e3o isentos das obriga\u00e7\u00f5es do artigo 22.2 da LSSI, pois s\u00e3o considerados um servi\u00e7o expressamente solicitado pelo usu\u00e1rio, e isso desde que os cookies obede\u00e7am exclusivamente \u00e0 finalidade selecionada.<\/p>\n\n<ol start=\"4\" class=\"wp-block-list\">\n<li><strong>Cookies de an\u00e1lise ou medi\u00e7\u00e3o<\/strong>: s\u00e3o aqueles que permitem ao respons\u00e1vel por esses cookies monitorar e analisar o comportamento dos usu\u00e1rios dos sites aos quais est\u00e3o vinculados, incluindo a quantifica\u00e7\u00e3o dos impactos dos an\u00fancios. As informa\u00e7\u00f5es coletadas por meio desse tipo de cookie s\u00e3o usadas para medir a atividade de sites, aplicativos ou plataformas, a fim de introduzir melhorias com base na an\u00e1lise dos dados de uso feita pelos usu\u00e1rios do servi\u00e7o. <\/li>\n\n\n\n<li><strong>Cookies de publicidade comportamental<\/strong>: s\u00e3o aqueles que armazenam informa\u00e7\u00f5es sobre o comportamento dos usu\u00e1rios obtidas atrav\u00e9s da observa\u00e7\u00e3o cont\u00ednua de seus h\u00e1bitos de navega\u00e7\u00e3o, o que permite desenvolver um perfil espec\u00edfico para exibir publicidade com base nisso.<\/li>\n<\/ol>\n\n<ul class=\"wp-block-list\">\n<li>Por fim, do ponto de vista <strong>da entidade que gerencia os cookies<\/strong>, podemos diferenciar entre:<\/li>\n<\/ul>\n\n<ol start=\"1\" class=\"wp-block-list\">\n<li><strong>Cookies pr\u00f3prios<\/strong>: s\u00e3o aqueles que s\u00e3o enviados para o equipamento terminal do usu\u00e1rio a partir de um computador ou dom\u00ednio gerenciado pelo pr\u00f3prio editor e a partir do qual o servi\u00e7o solicitado pelo usu\u00e1rio \u00e9 fornecido.<\/li>\n\n\n\n<li><strong>Cookies de terceiros<\/strong>: s\u00e3o aqueles que s\u00e3o enviados para o equipamento terminal do usu\u00e1rio a partir de um computador ou dom\u00ednio que n\u00e3o \u00e9 gerenciado pelo editor, mas por outra entidade que processa os dados obtidos por meio de cookies.<\/li>\n<\/ol>\n\n<p>A PSICOTEC, S.A. guarda toda a informa\u00e7\u00e3o recolhida atrav\u00e9s de Cookies num formato n\u00e3o personalizado (endere\u00e7o IP). Este tipo de informa\u00e7\u00e3o obtida atrav\u00e9s de Cookies n\u00e3o ser\u00e1 divulgada fora da PSICOTEC, S.A., exceto nos casos indicados na sec\u00e7\u00e3o &#8216;Lista e descri\u00e7\u00e3o de cookies&#8217;, nem ser\u00e1 utilizada para comunica\u00e7\u00f5es n\u00e3o solicitadas. <\/p>\n\n<p><strong>Privacidade adequada \u2013 Gerenciamento de cookies:<\/strong><\/p>\n\n<p>O usu\u00e1rio pode configurar a qualquer momento as permiss\u00f5es sobre os cookies usados em nosso site, acessando-os no painel de configura\u00e7\u00e3o de cookies.<\/p>\n\n<p>Clique aqui para acessar o painel de configura\u00e7\u00f5es de cookies www.psicotec.com<\/p>\n\n<p>Se o usu\u00e1rio assim o desejar, o registro de cookies pode estar sujeito \u00e0 sua aceita\u00e7\u00e3o durante a instala\u00e7\u00e3o ou atualiza\u00e7\u00e3o do navegador utilizado. O usu\u00e1rio pode revogar sua aceita\u00e7\u00e3o a qualquer momento usando as op\u00e7\u00f5es de configura\u00e7\u00e3o de conte\u00fado e privacidade dispon\u00edveis em cada navegador. No entanto, se voc\u00ea n\u00e3o permitir que os cookies sejam instalados em seu navegador, talvez n\u00e3o consiga acessar nenhuma das se\u00e7\u00f5es do nosso site.  <\/p>\n\n<p>Para obter mais informa\u00e7\u00f5es sobre as configura\u00e7\u00f5es de cookies apropriadas e as op\u00e7\u00f5es de ativa\u00e7\u00e3o, restri\u00e7\u00e3o e\/ou desativa\u00e7\u00e3o, voc\u00ea deve acessar a se\u00e7\u00e3o de ajuda do seu navegador para saber mais:<\/p>\n\n<ul class=\"wp-block-list\">\n<li>Saiba mais sobre como bloquear o uso de cookies no <a href=\"https:\/\/support.google.com\/chrome\/answer\/95647?hl=es\" target=\"_blank\" rel=\"noopener\">Google Chrome<\/a>.<\/li>\n\n\n\n<li>Saiba mais sobre como bloquear cookies no <a href=\"http:\/\/support.mozilla.org\/es\/kb\/habilitar-y-deshabilitar-cookies-que-los-sitios-we?esab=a&amp;s=cookies&amp;r=7&amp;as=s\" target=\"_blank\" rel=\"noopener\">Firefox<\/a><\/li>\n\n\n\n<li><a href=\"https:\/\/support.microsoft.com\/es-es\/help\/17442\/windows-internet-explorer-delete-manage-cookies\" target=\"_blank\" rel=\"noopener\">Saiba mais sobre como bloquear o uso de cookies no Internet Explorer.<\/a><\/li>\n\n\n\n<li><a href=\"https:\/\/support.microsoft.com\/es-es\/help\/4027947\/microsoft-edge-delete-cookies\" target=\"_blank\" rel=\"noopener\">Saiba mais sobre como bloquear o uso de cookies no Microsoft Edge.<\/a><\/li>\n\n\n\n<li><a href=\"https:\/\/support.apple.com\/es-es\/guide\/safari\/sfri11471\/mac\" target=\"_blank\" rel=\"noopener\">Saiba como bloquear cookies no Safari: no Mac<\/a><\/li>\n\n\n\n<li><a href=\"https:\/\/support.apple.com\/es-es\/HT201265\" target=\"_blank\" rel=\"noopener\">Saiba como bloquear cookies no Safari: no iPhone, iPad ou iPod touch<\/a><\/li>\n<\/ul>\n\n<p>Muitos navegadores permitem que voc\u00ea ative um modo privado em que os cookies s\u00e3o sempre exclu\u00eddos ap\u00f3s sua visita. Dependendo de cada navegador, esse modo privado pode ter nomes diferentes. Abaixo est\u00e1 uma lista dos navegadores mais comuns e os diferentes nomes deste &#8220;modo privado&#8221;:  <\/p>\n\n<ul class=\"wp-block-list\">\n<li>Internet Explorer 8 e superior; InPrivate<\/li>\n\n\n\n<li>Safari 2 e superior; Navega\u00e7\u00e3o Privada<\/li>\n\n\n\n<li>Opera 10.5 e superior; Navega\u00e7\u00e3o Privada<\/li>\n\n\n\n<li>Fire Fox 3.5 e superior; Navega\u00e7\u00e3o Privada<\/li>\n\n\n\n<li>Google Chrome 10 e superior; Inc\u00f3gnito<\/li>\n<\/ul>\n\n<p><strong>Rela\u00e7\u00e3o e descri\u00e7\u00e3o dos cookies:<\/strong><\/p>\n\n<p>A tabela que publicamos abaixo mostra de forma esquem\u00e1tica os cookies descritos acima e utilizados no site www.psicotec.com :<\/p>\n\n<figure class=\"wp-block-table\"><table class=\"has-fixed-layout\"><tbody><tr><td><strong>Nome do cookie<\/strong><\/td><td><strong>Dom\u00ednio do cookie (pr\u00f3prio\/de terceiros)<\/strong><\/td><td><strong>Dura\u00e7\u00e3o<\/strong> <strong>(sess\u00e3o, persistente)<\/strong><\/td><td><strong>Uso de cookies (Finalidade)<\/strong> <strong>(T\u00e9cnicas-Prefer\u00eancias-Anal\u00edtica-Publicidade)<\/strong><\/td><\/tr><tr><td>IDE<\/td><td>Terceiros (doubleclick.net)<\/td><td>Persistente, 1 ano<\/td><td>Os cookies de publicidade s\u00e3o usados para melhorar a publicidade. Eles geralmente s\u00e3o usados para direcionar publicidade com base no conte\u00fado relevante para um usu\u00e1rio, melhorar os relat\u00f3rios de desempenho da campanha e evitar a exibi\u00e7\u00e3o de an\u00fancios que o usu\u00e1rio j\u00e1 viu <\/td><\/tr><tr><td><strong>_Ga<\/strong><\/td><td>Terceiros (Google)<\/td><td>Persistente, 2 anos<\/td><td>Cookies anal\u00edticos (Google Analytics): Utiliza um identificador an\u00f4nimo para distinguir usu\u00e1rios an\u00f4nimos e realizar an\u00e1lises sobre as intera\u00e7\u00f5es do usu\u00e1rio no aplicativo, a fim de otimizar os servi\u00e7os oferecidos<\/td><\/tr><tr><td><strong>_Gat<\/strong><\/td><td>Terceiros (Google)<\/td><td>Sess\u00e3o, 10 minutos a partir da cria\u00e7\u00e3o ou modifica\u00e7\u00e3o<\/td><td>Cookies anal\u00edticos (Google Analytics): Usados para diferenciar entre os diferentes objetos de rastreamento criados na sess\u00e3o. O cookie \u00e9 criado quando a biblioteca JavaScript \u00e9 carregada e n\u00e3o h\u00e1 vers\u00e3o anterior do cookie _gat. O cookie \u00e9 atualizado sempre que voc\u00ea envia os dados para o Google Analytics.  <\/td><\/tr><tr><td>_<strong>gid<\/strong><\/td><td>Terceiros (Google)<\/td><td>1 dia<\/td><td>Cookie t\u00e9cnico e estritamente necess\u00e1rio contendo o identificador de sess\u00e3o<\/td><\/tr><tr><td><strong>psicotec-_zldp<\/strong><\/td><td><strong>.psicotec.com<\/strong><\/td><td><strong>Persistente, 2 anos<\/strong><\/td><td>Perman\u00eancia das op\u00e7\u00f5es de login do OpenID<\/td><\/tr><tr><td><strong>psicotec-_zldt<\/strong><\/td><td>.psicotec.com<\/td><td>1 dia<\/td><td>Permite que os usu\u00e1rios sejam distinguidos uns dos outros<\/td><\/tr><tr><td><strong>iSiframeEnabled<\/strong><\/td><td><strong>www.psicotec.com<\/strong><\/td><td><strong>1 dia<\/strong><\/td><td>Gerenciando a carga de alguns cont\u00eaineres est\u00e1ticos para fornecer melhor desempenho da interface do usu\u00e1rio do cliente<\/td><\/tr><tr><td><strong>LS_CSRF_TOKEN<\/strong><\/td><td>salesiq.zoho.com<\/td><td>No final da sess\u00e3o de navega\u00e7\u00e3o<\/td><td>Identifique usu\u00e1rios e visitantes para otimizar a funcionalidade da caixa de bate-papo.<\/td><\/tr><\/tbody><\/table><\/figure>\n\n<ul class=\"wp-block-list\">\n<li>Para saber mais sobre os cookies do Google Analytics, voc\u00ea pode visitar a seguinte p\u00e1gina: <a href=\"https:\/\/policies.google.com\/technologies\/cookies?hl=es\" target=\"_blank\" rel=\"noopener\">https:\/\/policies.google.com\/technologies\/cookies?hl=es<\/a> . Voc\u00ea pode desativar os cookies do Google Analytics atrav\u00e9s do seguinte link: <a href=\"https:\/\/tools.google.com\/dlpage\/gaoptout\" target=\"_blank\" rel=\"noopener\">https:\/\/tools.google.com\/dlpage\/gaoptout<\/a> . <\/li>\n\n\n\n<li>e seus direitos como usu\u00e1rio, voc\u00ea pode consultar o Guia sobre o uso de cookies elaborado pela Ag\u00eancia Espanhola de Prote\u00e7\u00e3o de Dados com a colabora\u00e7\u00e3o das associa\u00e7\u00f5es ADIGITAL, Anunciantes, AUTOCONTROL e IAB Espanha: <a href=\"https:\/\/www.aepd.es\/media\/guias\/guia-cookies.pdf\" target=\"_blank\" rel=\"noopener\">https:\/\/www.aepd.es\/media\/guias\/guia-cookies.pdf<\/a><\/li>\n<\/ul>\n","protected":false},"excerpt":{"rendered":"<p>O dom\u00ednio www.psicotec.com utiliza procedimentos de coleta autom\u00e1tica (Cookies) para coletar informa\u00e7\u00f5es pessoais, como o tipo de navegador ou sistema operacional, p\u00e1gina de refer\u00eancia, caminho, dom\u00ednio ISP (Provedor de Internet), etc., tudo para melhorar os servi\u00e7os prestados. Os cookies nos ajudam a adaptar este site \u00e0s suas necessidades pessoais. Um &#8220;Cookie&#8221; \u00e9 um pequeno arquivo [&hellip;]<\/p>\n","protected":false},"author":1,"featured_media":0,"parent":5408,"menu_order":0,"comment_status":"closed","ping_status":"closed","template":"","meta":{"footnotes":""},"class_list":["post-5401","page","type-page","status-publish","hentry"],"_links":{"self":[{"href":"https:\/\/www.psicotec.com\/pt\/wp-json\/wp\/v2\/pages\/5401","targetHints":{"allow":["GET"]}}],"collection":[{"href":"https:\/\/www.psicotec.com\/pt\/wp-json\/wp\/v2\/pages"}],"about":[{"href":"https:\/\/www.psicotec.com\/pt\/wp-json\/wp\/v2\/types\/page"}],"author":[{"embeddable":true,"href":"https:\/\/www.psicotec.com\/pt\/wp-json\/wp\/v2\/users\/1"}],"replies":[{"embeddable":true,"href":"https:\/\/www.psicotec.com\/pt\/wp-json\/wp\/v2\/comments?post=5401"}],"version-history":[{"count":1,"href":"https:\/\/www.psicotec.com\/pt\/wp-json\/wp\/v2\/pages\/5401\/revisions"}],"predecessor-version":[{"id":5405,"href":"https:\/\/www.psicotec.com\/pt\/wp-json\/wp\/v2\/pages\/5401\/revisions\/5405"}],"up":[{"embeddable":true,"href":"https:\/\/www.psicotec.com\/pt\/wp-json\/wp\/v2\/pages\/5408"}],"wp:attachment":[{"href":"https:\/\/www.psicotec.com\/pt\/wp-json\/wp\/v2\/media?parent=5401"}],"curies":[{"name":"wp","href":"https:\/\/api.w.org\/{rel}","templated":true}]}}